{"id":757,"date":"2026-04-11T12:58:56","date_gmt":"2026-04-11T12:58:56","guid":{"rendered":"https:\/\/manimo.azdigi.shop\/?post_type=product&#038;p=757"},"modified":"2026-04-11T18:44:38","modified_gmt":"2026-04-11T18:44:38","slug":"dong-ho-thong-minh-xiaomi-watch-5","status":"publish","type":"product","link":"https:\/\/manimo.azdigi.shop\/?product=dong-ho-thong-minh-xiaomi-watch-5","title":{"rendered":"Xiaomi Watch 5"},"content":{"rendered":"<section class=\"technical-content-section\">\n<p class=\"title my-2\">M\u00e0n h\u00ecnh<\/p>\n<table class=\"technical-content\">\n<tbody>\n<tr class=\"technical-content-item\">\n<td>C\u00f4ng ngh\u1ec7 m\u00e0n h\u00ecnh<\/td>\n<td>AMOLED<\/td>\n<\/tr>\n<tr class=\"technical-content-item\">\n<td>K\u00edch th\u01b0\u1edbc m\u00e0n h\u00ecnh<\/td>\n<td>1.54 inch<\/td>\n<\/tr>\n<tr class=\"technical-content-item\">\n<td>\u0110\u1ed9 ph\u00e2n gi\u1ea3i<\/td>\n<td>480 \u00d7 480 pixels | 312 PPI<br \/>\n\u0110\u1ed9 s\u00e1ng 1500 nits<\/td>\n<\/tr>\n<\/tbody>\n<\/table>\n<\/section>\n<section class=\"technical-content-section\">\n<p class=\"title my-2\">Thi\u1ebft k\u1ebf<\/p>\n<table class=\"technical-content\">\n<tbody>\n<tr class=\"technical-content-item\">\n<td>Ch\u1ea5t li\u1ec7u m\u1eb7t k\u00ednh<\/td>\n<td>Sapphire nh\u00e2n t\u1ea1o<\/td>\n<\/tr>\n<tr class=\"technical-content-item\">\n<td>Ch\u1ea5t li\u1ec7u vi\u1ec1n<\/td>\n<td>Th\u00e9p<\/td>\n<\/tr>\n<tr class=\"technical-content-item\">\n<td>Thi\u1ebft k\u1ebf<\/td>\n<td>M\u1eb7t tr\u00f2n<\/td>\n<\/tr>\n<tr class=\"technical-content-item\">\n<td>Tr\u1ecdng l\u01b0\u1ee3ng<\/td>\n<td>Kho\u1ea3ng 56 gram (kh\u00f4ng bao g\u1ed3m d\u00e2y \u0111eo)<\/td>\n<\/tr>\n<\/tbody>\n<\/table>\n<\/section>\n<section class=\"technical-content-section\">\n<p class=\"title my-2\">D\u00e2y \u0111eo<\/p>\n<table class=\"technical-content\">\n<tbody>\n<tr class=\"technical-content-item\">\n<td>Ch\u1ea5t li\u1ec7u d\u00e2y<\/td>\n<td>Cao Su<\/td>\n<\/tr>\n<tr class=\"technical-content-item\">\n<td>K\u00edch th\u01b0\u1edbc c\u1ed5 tay ph\u00f9 h\u1ee3p<\/td>\n<td>T\u1eeb 13.5 \u2013 20.5 cm<\/td>\n<\/tr>\n<tr class=\"technical-content-item\">\n<td>C\u00f3 th\u1ec3 thay d\u00e2y<\/td>\n<td>C\u00f3<\/td>\n<\/tr>\n<\/tbody>\n<\/table>\n<\/section>\n<section class=\"technical-content-section\">\n<p class=\"title my-2\">T\u00ednh n\u0103ng<\/p>\n<table class=\"technical-content\">\n<tbody>\n<tr class=\"technical-content-item\">\n<td>Nghe,g\u1ecdi<\/td>\n<td>Nghe g\u1ecdi qua Bluetooth<\/td>\n<\/tr>\n<tr class=\"technical-content-item\">\n<td>Kh\u00e1ng n\u01b0\u1edbc<\/td>\n<td>5 ATM<\/td>\n<\/tr>\n<tr class=\"technical-content-item\">\n<td>Ti\u1ec7n \u00edch s\u1ee9c kho\u1ebb<\/td>\n<td>Ch\u1ebf \u0111\u1ed9 luy\u1ec7n t\u1eadp, Theo d\u00f5i gi\u1ea5c ng\u1ee7, \u0110o nh\u1ecbp tim, \u0110o l\u01b0\u1ee3ng oxy trong m\u00e1u, \u0110\u1ebfm b\u01b0\u1edbc ch\u00e2n, T\u00ednh calo ti\u00eau th\u1ee5, T\u00ednh qu\u00e3ng \u0111\u01b0\u1eddng ch\u1ea1y, \u0110o m\u1ee9c \u0111\u1ed9 stress, Ph\u00e1t hi\u1ec7n t\u00e9 ng\u00e3, C\u1ea3nh b\u00e1o nh\u1ecbp tim b\u1ea5t th\u01b0\u1eddng, \u0110o \u0111i\u1ec7n t\u00e2m \u0111\u1ed3, Theo d\u00f5i chu k\u1ef3, B\u00e0i t\u1eadp th\u1edf, B\u00e0i t\u1eadp th\u01b0 gi\u00e3n<\/td>\n<\/tr>\n<tr class=\"technical-content-item\">\n<td>T\u00ednh n\u0103ng th\u1ec3 thao<\/td>\n<td>H\u01a1n 150 ch\u1ebf \u0111\u1ed9 luy\u1ec7n t\u1eadp<br \/>\nT\u1eadp luy\u1ec7n ph\u00f2ng gym<br \/>\nT\u1ef1 \u0111\u1ed9ng nh\u1eadn di\u1ec7n b\u1eaft \u0111\u1ea7u luy\u1ec7n t\u1eadp<br \/>\nPh\u00e1t hi\u1ec7n t\u00e9 ng\u00e3 khi tr\u01b0\u1ee3t tuy\u1ebft<br \/>\nHi\u1ec3n th\u1ecb nh\u1ecbp tim th\u1eddi gian th\u1ef1c khi b\u01a1i<br \/>\nTheo d\u00f5i l\u1ed9 tr\u00ecnh t\u1eadp luy\u1ec7n<br \/>\nTheo d\u00f5i m\u1ee9c ti\u00eau hao n\u0103ng l\u01b0\u1ee3ng<br \/>\nPh\u00e1t s\u00f3ng nh\u1ecbp tim qua Bluetooth<br \/>\nB\u1ea3n \u0111\u1ed3 ngo\u1ea1i tuy\u1ebfn<br \/>\nNh\u1eafc nh\u1edf ch\u1ec9 s\u1ed1 ho\u1ea1t \u0111\u1ed9ng \u0111\u1ea1t chu\u1ea9n<br \/>\n(H\u1ed7 tr\u1ee3: \u0111i b\u1ed9, ch\u1ea1y b\u1ed9, \u0111\u1ea1p xe, m\u00e1y ch\u00e8o thuy\u1ec1n, m\u00e1y elip, nh\u1ea3y d\u00e2y)<\/td>\n<\/tr>\n<tr class=\"technical-content-item\">\n<td>Th\u00f4ng b\u00e1o<\/td>\n<td>Cu\u1ed9c g\u1ecdi, tin nh\u1eafn<\/td>\n<\/tr>\n<tr class=\"technical-content-item\">\n<td>Ti\u1ec7n \u00edch kh\u00e1c<\/td>\n<td>C\u00f3 \u0111\u1ecbnh v\u1ecb GPS, C\u00e0i \u1ee9ng d\u1ee5ng, Ch\u1ebf \u0111\u1ed9 luy\u1ec7n t\u1eadp, Hi\u1ec3n th\u1ecb th\u00f4ng b\u00e1o \u0111i\u1ec7n tho\u1ea1i, M\u00e0n h\u00ecnh lu\u00f4n hi\u1ec3n th\u1ecb, Nghe g\u1ecdi tr\u00ean \u0111\u1ed3ng h\u1ed3, \u0110i\u1ec1u khi\u1ec3n ch\u01a1i nh\u1ea1c, Nh\u1eadn th\u00f4ng b\u00e1o cu\u1ed9c g\u1ecdi, B\u1ea5m gi\u1edd, B\u00e1o th\u1ee9c, T\u00ecm \u0111i\u1ec7n tho\u1ea1i, Xem b\u1ea3n \u0111\u1ed3, Nghe g\u1ecdi qua Bluetooth, \u0110\u00e8n pin, Loa v\u00e0 mic t\u00edch h\u1ee3p<\/td>\n<\/tr>\n<tr class=\"technical-content-item\">\n<td>T\u00ednh n\u0103ng \u0111\u1eb7c bi\u1ec7t<\/td>\n<td>Tr\u1ee3 l\u00fd gi\u1ecdng n\u00f3i Xiao Ai<br \/>\nXiaomi Super Island<br \/>\nTrung t\u00e2m \u0111i\u1ec1u khi\u1ec3n tr\u00ean c\u1ed5 tay 2.0<br \/>\nNh\u1eadn di\u1ec7n c\u1eed ch\u1ec9 ch\u00ednh x\u00e1c<br \/>\nH\u1ed7 tr\u1ee3 t\u01b0\u01a1ng t\u00e1c b\u1eb1ng c\u1eed ch\u1ec9 ti\u1ec7n l\u1ee3i<\/td>\n<\/tr>\n<\/tbody>\n<\/table>\n<\/section>\n<section class=\"technical-content-section\">\n<p class=\"title my-2\">C\u1ea5u h\u00ecnh<\/p>\n<table class=\"technical-content\">\n<tbody>\n<tr class=\"technical-content-item\">\n<td>K\u1ebft n\u1ed1i<\/td>\n<td>Wi-Fi: H\u1ed7 tr\u1ee3 (2.4GHz)<br \/>\n\u0110\u1ecbnh v\u1ecb v\u1ec7 tinh: Beidou, GPS, GLONASS, Galileo, QZSS<br \/>\nBluetooth: Bluetooth k\u00e9p BLE \/ BT 5.4<br \/>\nNFC<\/td>\n<\/tr>\n<tr class=\"technical-content-item\">\n<td>GPS t\u00edch h\u1ee3p<\/td>\n<td>GPS t\u00edch h\u1ee3p s\u1eb5n tr\u00ean \u0111\u1ed3ng h\u1ed3<\/td>\n<\/tr>\n<tr class=\"technical-content-item\">\n<td>Camera<\/td>\n<td>Kh\u00f4ng<\/td>\n<\/tr>\n<tr class=\"technical-content-item\">\n<td>CPU<\/td>\n<td>Ki\u1ebfn tr\u00fac hai chip flagship v\u1edbi vi x\u1eed l\u00fd hi\u1ec7u n\u0103ng cao Qualcomm W5<br \/>\nVi x\u1eed l\u00fd ti\u1ebft ki\u1ec7m n\u0103ng l\u01b0\u1ee3ng Hengxuan 2800 (BES 2800)<\/td>\n<\/tr>\n<tr class=\"technical-content-item\">\n<td>Ram<\/td>\n<td>Kh\u00f4ng c\u00f4ng b\u1ed1<\/td>\n<\/tr>\n<tr class=\"technical-content-item\">\n<td>B\u1ed9 nh\u1edb trong<\/td>\n<td>Kh\u00f4ng c\u00f4ng b\u1ed1<\/td>\n<\/tr>\n<tr class=\"technical-content-item\">\n<td>H\u1ec7 \u0111i\u1ec1u h\u00e0nh<\/td>\n<td>Kh\u00e1c<\/td>\n<\/tr>\n<tr class=\"technical-content-item\">\n<td>T\u01b0\u01a1ng th\u00edch<\/td>\n<td>Android 8.0 tr\u1edf l\u00ean ho\u1eb7c iOS 14.0 tr\u1edf l\u00ean<\/td>\n<\/tr>\n<tr class=\"technical-content-item\">\n<td>C\u1ea3m bi\u1ebfn<\/td>\n<td>C\u1ea3m bi\u1ebfn nh\u1ecbp tim (bao g\u1ed3m \u0111o SpO\u2082)<br \/>\nGia t\u1ed1c k\u1ebf<br \/>\nCon quay h\u1ed3i chuy\u1ec3n<br \/>\nC\u1ea3m bi\u1ebfn \u0111\u1ecba t\u1eeb<br \/>\nC\u1ea3m bi\u1ebfn \u00e1p su\u1ea5t kh\u00ed quy\u1ec3n<br \/>\nC\u1ea3m bi\u1ebfn \u00e1nh s\u00e1ng m\u00f4i tr\u01b0\u1eddng<br \/>\nC\u1ea3m bi\u1ebfn ECG<br \/>\nC\u1ea3m bi\u1ebfn EMG<\/td>\n<\/tr>\n<\/tbody>\n<\/table>\n<\/section>\n<section class=\"technical-content-section\">\n<p class=\"title my-2\">Pin<\/p>\n<table class=\"technical-content\">\n<tbody>\n<tr class=\"technical-content-item\">\n<td>Th\u1eddi l\u01b0\u1ee3ng pin<\/td>\n<td>Ch\u1ebf \u0111\u1ed9 hi\u1ec7u n\u0103ng<br \/>\nS\u1eed d\u1ee5ng th\u00f4ng th\u01b0\u1eddng: 6 ng\u00e0y<br \/>\nS\u1eed d\u1ee5ng th\u00f4ng th\u01b0\u1eddng: 4 ng\u00e0y<br \/>\nC\u00f3 AOD: 4 ng\u00e0y<br \/>\nCh\u1ebf \u0111\u1ed9 ti\u1ebft ki\u1ec7m pin<br \/>\nTh\u1eddi gian s\u1eed d\u1ee5ng d\u00e0i: 18 ng\u00e0y<br \/>\nS\u1eed d\u1ee5ng th\u00f4ng th\u01b0\u1eddng: 12 ng\u00e0y<br \/>\nC\u00f3 AOD: 7 ng\u00e0y<\/td>\n<\/tr>\n<tr class=\"technical-content-item\">\n<td>Dung l\u01b0\u1ee3ng pin<\/td>\n<td>930 mAh Pin lithium-ion polymer<\/td>\n<\/tr>\n<tr class=\"technical-content-item\">\n<td>C\u1ed5ng s\u1ea1c<\/td>\n<td>Nam ch\u00e2m<\/td>\n<\/tr>\n<\/tbody>\n<\/table>\n<\/section>\n<section class=\"technical-content-section\">\n<p class=\"title my-2\">Th\u00f4ng tin kh\u00e1c<\/p>\n<table class=\"technical-content\">\n<tbody>\n<tr class=\"technical-content-item\">\n<td>Ng\u00f4n ng\u1eef<\/td>\n<td>Ti\u1ebfng Vi\u1ec7t, ti\u1ebfng Trung, ti\u1ebfng Anh<\/td>\n<\/tr>\n<\/tbody>\n<\/table>\n<\/section>\n<section class=\"technical-content-section\">\n<p class=\"title my-2\">Th\u00f4ng tin h\u00e3ng<\/p>\n<table class=\"technical-content\">\n<tbody>\n<tr class=\"technical-content-item\">\n<td>H\u00e3ng s\u1ea3n xu\u1ea5t<\/td>\n<td>Xiaomi<\/td>\n<\/tr>\n<\/tbody>\n<\/table>\n<\/section>\n","protected":false},"excerpt":{"rendered":"<p>M\u00e0n h\u00ecnh C\u00f4ng ngh\u1ec7 m\u00e0n h\u00ecnh AMOLED K\u00edch th\u01b0\u1edbc m\u00e0n h\u00ecnh 1.54 inch \u0110\u1ed9 ph\u00e2n gi\u1ea3i 480 \u00d7 480 pixels | 312 PPI \u0110\u1ed9 s\u00e1ng 1500 nits Thi\u1ebft k\u1ebf Ch\u1ea5t li\u1ec7u m\u1eb7t k\u00ednh Sapphire nh\u00e2n t\u1ea1o Ch\u1ea5t li\u1ec7u vi\u1ec1n Th\u00e9p Thi\u1ebft k\u1ebf M\u1eb7t tr\u00f2n Tr\u1ecdng l\u01b0\u1ee3ng Kho\u1ea3ng 56 gram (kh\u00f4ng bao g\u1ed3m d\u00e2y \u0111eo) D\u00e2y [&#8230;]\n","protected":false},"featured_media":762,"comment_status":"open","ping_status":"closed","template":"","meta":[],"product_brand":[36],"product_cat":[33],"product_tag":[43],"class_list":{"0":"post-757","1":"product","2":"type-product","3":"status-publish","4":"has-post-thumbnail","6":"product_brand-xiaomi","7":"product_cat-vong-deo-tay-thong-minh","8":"product_tag-phu-kien","10":"first","11":"instock","12":"sale","13":"shipping-taxable","14":"purchasable","15":"product-type-variable"},"yoast_head":"<!-- This site is optimized with the Yoast SEO plugin v27.2 - https:\/\/yoast.com\/product\/yoast-seo-wordpress\/ -->\n<title>Xiaomi Watch 5 - manimo<\/title>\n<meta name=\"description\" content=\"\u0110\u1ed3ng h\u1ed3 th\u00f4ng minh Xiaomi Watch 5\" \/>\n<meta name=\"robots\" content=\"index, follow, max-snippet:-1, max-image-preview:large, max-video-preview:-1\" \/>\n<link rel=\"canonical\" href=\"https:\/\/manimo.azdigi.shop\/?product=dong-ho-thong-minh-xiaomi-watch-5\" \/>\n<meta property=\"og:locale\" content=\"vi_VN\" \/>\n<meta property=\"og:type\" content=\"article\" \/>\n<meta property=\"og:title\" content=\"Xiaomi Watch 5 - manimo\" \/>\n<meta property=\"og:description\" content=\"\u0110\u1ed3ng h\u1ed3 th\u00f4ng minh Xiaomi Watch 5\" \/>\n<meta property=\"og:url\" content=\"https:\/\/manimo.azdigi.shop\/?product=dong-ho-thong-minh-xiaomi-watch-5\" \/>\n<meta property=\"og:site_name\" content=\"manimo\" \/>\n<meta property=\"article:modified_time\" content=\"2026-04-11T18:44:38+00:00\" \/>\n<meta property=\"og:image\" content=\"https:\/\/manimo.azdigi.shop\/wp-content\/uploads\/2026\/04\/dh_1__15.png\" \/>\n\t<meta property=\"og:image:width\" content=\"1200\" \/>\n\t<meta property=\"og:image:height\" content=\"1200\" \/>\n\t<meta property=\"og:image:type\" content=\"image\/png\" \/>\n<meta name=\"twitter:card\" content=\"summary_large_image\" \/>\n<meta name=\"twitter:label1\" content=\"\u01af\u1edbc t\u00ednh th\u1eddi gian \u0111\u1ecdc\" \/>\n\t<meta name=\"twitter:data1\" content=\"4 ph\u00fat\" \/>\n<script type=\"application\/ld+json\" class=\"yoast-schema-graph\">{\"@context\":\"https:\/\/schema.org\",\"@graph\":[{\"@type\":\"WebPage\",\"@id\":\"https:\/\/manimo.azdigi.shop\/?product=dong-ho-thong-minh-xiaomi-watch-5\",\"url\":\"https:\/\/manimo.azdigi.shop\/?product=dong-ho-thong-minh-xiaomi-watch-5\",\"name\":\"Xiaomi Watch 5 - manimo\",\"isPartOf\":{\"@id\":\"https:\/\/manimo.azdigi.shop\/#website\"},\"primaryImageOfPage\":{\"@id\":\"https:\/\/manimo.azdigi.shop\/?product=dong-ho-thong-minh-xiaomi-watch-5#primaryimage\"},\"image\":{\"@id\":\"https:\/\/manimo.azdigi.shop\/?product=dong-ho-thong-minh-xiaomi-watch-5#primaryimage\"},\"thumbnailUrl\":\"https:\/\/manimo.azdigi.shop\/wp-content\/uploads\/2026\/04\/dh_1__15.png\",\"datePublished\":\"2026-04-11T12:58:56+00:00\",\"dateModified\":\"2026-04-11T18:44:38+00:00\",\"description\":\"\u0110\u1ed3ng h\u1ed3 th\u00f4ng minh Xiaomi Watch 5\",\"breadcrumb\":{\"@id\":\"https:\/\/manimo.azdigi.shop\/?product=dong-ho-thong-minh-xiaomi-watch-5#breadcrumb\"},\"inLanguage\":\"vi\",\"potentialAction\":[{\"@type\":\"ReadAction\",\"target\":[\"https:\/\/manimo.azdigi.shop\/?product=dong-ho-thong-minh-xiaomi-watch-5\"]}]},{\"@type\":\"ImageObject\",\"inLanguage\":\"vi\",\"@id\":\"https:\/\/manimo.azdigi.shop\/?product=dong-ho-thong-minh-xiaomi-watch-5#primaryimage\",\"url\":\"https:\/\/manimo.azdigi.shop\/wp-content\/uploads\/2026\/04\/dh_1__15.png\",\"contentUrl\":\"https:\/\/manimo.azdigi.shop\/wp-content\/uploads\/2026\/04\/dh_1__15.png\",\"width\":1200,\"height\":1200},{\"@type\":\"BreadcrumbList\",\"@id\":\"https:\/\/manimo.azdigi.shop\/?product=dong-ho-thong-minh-xiaomi-watch-5#breadcrumb\",\"itemListElement\":[{\"@type\":\"ListItem\",\"position\":1,\"name\":\"Trang ch\u1ee7\",\"item\":\"https:\/\/manimo.azdigi.shop\/\"},{\"@type\":\"ListItem\",\"position\":2,\"name\":\"C\u1eeda h\u00e0ng\",\"item\":\"https:\/\/manimo.azdigi.shop\/?page_id=135\"},{\"@type\":\"ListItem\",\"position\":3,\"name\":\"Xiaomi Watch 5\"}]},{\"@type\":\"WebSite\",\"@id\":\"https:\/\/manimo.azdigi.shop\/#website\",\"url\":\"https:\/\/manimo.azdigi.shop\/\",\"name\":\"manimo\",\"description\":\"\",\"publisher\":{\"@id\":\"https:\/\/manimo.azdigi.shop\/#\/schema\/person\/f5af9933f35e1ed562543e32f9cc9e5a\"},\"potentialAction\":[{\"@type\":\"SearchAction\",\"target\":{\"@type\":\"EntryPoint\",\"urlTemplate\":\"https:\/\/manimo.azdigi.shop\/?s={search_term_string}\"},\"query-input\":{\"@type\":\"PropertyValueSpecification\",\"valueRequired\":true,\"valueName\":\"search_term_string\"}}],\"inLanguage\":\"vi\"},{\"@type\":[\"Person\",\"Organization\"],\"@id\":\"https:\/\/manimo.azdigi.shop\/#\/schema\/person\/f5af9933f35e1ed562543e32f9cc9e5a\",\"name\":\"minhthu\",\"image\":{\"@type\":\"ImageObject\",\"inLanguage\":\"vi\",\"@id\":\"https:\/\/manimo.azdigi.shop\/wp-content\/uploads\/2026\/01\/z7488041999297_b562961af81f23ff12cf67de04bbd075.jpg\",\"url\":\"https:\/\/manimo.azdigi.shop\/wp-content\/uploads\/2026\/01\/z7488041999297_b562961af81f23ff12cf67de04bbd075.jpg\",\"contentUrl\":\"https:\/\/manimo.azdigi.shop\/wp-content\/uploads\/2026\/01\/z7488041999297_b562961af81f23ff12cf67de04bbd075.jpg\",\"width\":269,\"height\":218,\"caption\":\"minhthu\"},\"logo\":{\"@id\":\"https:\/\/manimo.azdigi.shop\/wp-content\/uploads\/2026\/01\/z7488041999297_b562961af81f23ff12cf67de04bbd075.jpg\"},\"sameAs\":[\"https:\/\/manimo.azdigi.shop\"]}]}<\/script>\n<!-- \/ Yoast SEO plugin. -->","yoast_head_json":{"title":"Xiaomi Watch 5 - manimo","description":"\u0110\u1ed3ng h\u1ed3 th\u00f4ng minh Xiaomi Watch 5","robots":{"index":"index","follow":"follow","max-snippet":"max-snippet:-1","max-image-preview":"max-image-preview:large","max-video-preview":"max-video-preview:-1"},"canonical":"https:\/\/manimo.azdigi.shop\/?product=dong-ho-thong-minh-xiaomi-watch-5","og_locale":"vi_VN","og_type":"article","og_title":"Xiaomi Watch 5 - manimo","og_description":"\u0110\u1ed3ng h\u1ed3 th\u00f4ng minh Xiaomi Watch 5","og_url":"https:\/\/manimo.azdigi.shop\/?product=dong-ho-thong-minh-xiaomi-watch-5","og_site_name":"manimo","article_modified_time":"2026-04-11T18:44:38+00:00","og_image":[{"width":1200,"height":1200,"url":"https:\/\/manimo.azdigi.shop\/wp-content\/uploads\/2026\/04\/dh_1__15.png","type":"image\/png"}],"twitter_card":"summary_large_image","twitter_misc":{"\u01af\u1edbc t\u00ednh th\u1eddi gian \u0111\u1ecdc":"4 ph\u00fat"},"schema":{"@context":"https:\/\/schema.org","@graph":[{"@type":"WebPage","@id":"https:\/\/manimo.azdigi.shop\/?product=dong-ho-thong-minh-xiaomi-watch-5","url":"https:\/\/manimo.azdigi.shop\/?product=dong-ho-thong-minh-xiaomi-watch-5","name":"Xiaomi Watch 5 - manimo","isPartOf":{"@id":"https:\/\/manimo.azdigi.shop\/#website"},"primaryImageOfPage":{"@id":"https:\/\/manimo.azdigi.shop\/?product=dong-ho-thong-minh-xiaomi-watch-5#primaryimage"},"image":{"@id":"https:\/\/manimo.azdigi.shop\/?product=dong-ho-thong-minh-xiaomi-watch-5#primaryimage"},"thumbnailUrl":"https:\/\/manimo.azdigi.shop\/wp-content\/uploads\/2026\/04\/dh_1__15.png","datePublished":"2026-04-11T12:58:56+00:00","dateModified":"2026-04-11T18:44:38+00:00","description":"\u0110\u1ed3ng h\u1ed3 th\u00f4ng minh Xiaomi Watch 5","breadcrumb":{"@id":"https:\/\/manimo.azdigi.shop\/?product=dong-ho-thong-minh-xiaomi-watch-5#breadcrumb"},"inLanguage":"vi","potentialAction":[{"@type":"ReadAction","target":["https:\/\/manimo.azdigi.shop\/?product=dong-ho-thong-minh-xiaomi-watch-5"]}]},{"@type":"ImageObject","inLanguage":"vi","@id":"https:\/\/manimo.azdigi.shop\/?product=dong-ho-thong-minh-xiaomi-watch-5#primaryimage","url":"https:\/\/manimo.azdigi.shop\/wp-content\/uploads\/2026\/04\/dh_1__15.png","contentUrl":"https:\/\/manimo.azdigi.shop\/wp-content\/uploads\/2026\/04\/dh_1__15.png","width":1200,"height":1200},{"@type":"BreadcrumbList","@id":"https:\/\/manimo.azdigi.shop\/?product=dong-ho-thong-minh-xiaomi-watch-5#breadcrumb","itemListElement":[{"@type":"ListItem","position":1,"name":"Trang ch\u1ee7","item":"https:\/\/manimo.azdigi.shop\/"},{"@type":"ListItem","position":2,"name":"C\u1eeda h\u00e0ng","item":"https:\/\/manimo.azdigi.shop\/?page_id=135"},{"@type":"ListItem","position":3,"name":"Xiaomi Watch 5"}]},{"@type":"WebSite","@id":"https:\/\/manimo.azdigi.shop\/#website","url":"https:\/\/manimo.azdigi.shop\/","name":"manimo","description":"","publisher":{"@id":"https:\/\/manimo.azdigi.shop\/#\/schema\/person\/f5af9933f35e1ed562543e32f9cc9e5a"},"potentialAction":[{"@type":"SearchAction","target":{"@type":"EntryPoint","urlTemplate":"https:\/\/manimo.azdigi.shop\/?s={search_term_string}"},"query-input":{"@type":"PropertyValueSpecification","valueRequired":true,"valueName":"search_term_string"}}],"inLanguage":"vi"},{"@type":["Person","Organization"],"@id":"https:\/\/manimo.azdigi.shop\/#\/schema\/person\/f5af9933f35e1ed562543e32f9cc9e5a","name":"minhthu","image":{"@type":"ImageObject","inLanguage":"vi","@id":"https:\/\/manimo.azdigi.shop\/wp-content\/uploads\/2026\/01\/z7488041999297_b562961af81f23ff12cf67de04bbd075.jpg","url":"https:\/\/manimo.azdigi.shop\/wp-content\/uploads\/2026\/01\/z7488041999297_b562961af81f23ff12cf67de04bbd075.jpg","contentUrl":"https:\/\/manimo.azdigi.shop\/wp-content\/uploads\/2026\/01\/z7488041999297_b562961af81f23ff12cf67de04bbd075.jpg","width":269,"height":218,"caption":"minhthu"},"logo":{"@id":"https:\/\/manimo.azdigi.shop\/wp-content\/uploads\/2026\/01\/z7488041999297_b562961af81f23ff12cf67de04bbd075.jpg"},"sameAs":["https:\/\/manimo.azdigi.shop"]}]}},"_links":{"self":[{"href":"https:\/\/manimo.azdigi.shop\/index.php?rest_route=\/wp\/v2\/product\/757","targetHints":{"allow":["GET"]}}],"collection":[{"href":"https:\/\/manimo.azdigi.shop\/index.php?rest_route=\/wp\/v2\/product"}],"about":[{"href":"https:\/\/manimo.azdigi.shop\/index.php?rest_route=\/wp\/v2\/types\/product"}],"replies":[{"embeddable":true,"href":"https:\/\/manimo.azdigi.shop\/index.php?rest_route=%2Fwp%2Fv2%2Fcomments&post=757"}],"wp:featuredmedia":[{"embeddable":true,"href":"https:\/\/manimo.azdigi.shop\/index.php?rest_route=\/wp\/v2\/media\/762"}],"wp:attachment":[{"href":"https:\/\/manimo.azdigi.shop\/index.php?rest_route=%2Fwp%2Fv2%2Fmedia&parent=757"}],"wp:term":[{"taxonomy":"product_brand","embeddable":true,"href":"https:\/\/manimo.azdigi.shop\/index.php?rest_route=%2Fwp%2Fv2%2Fproduct_brand&post=757"},{"taxonomy":"product_cat","embeddable":true,"href":"https:\/\/manimo.azdigi.shop\/index.php?rest_route=%2Fwp%2Fv2%2Fproduct_cat&post=757"},{"taxonomy":"product_tag","embeddable":true,"href":"https:\/\/manimo.azdigi.shop\/index.php?rest_route=%2Fwp%2Fv2%2Fproduct_tag&post=757"}],"curies":[{"name":"wp","href":"https:\/\/api.w.org\/{rel}","templated":true}]}}