{"id":749,"date":"2026-04-11T12:48:04","date_gmt":"2026-04-11T12:48:04","guid":{"rendered":"https:\/\/manimo.azdigi.shop\/?post_type=product&#038;p=749"},"modified":"2026-04-11T18:47:27","modified_gmt":"2026-04-11T18:47:27","slug":"tai-nghe-bluetooth-true-wireless-vivo-tws-air","status":"publish","type":"product","link":"https:\/\/manimo.azdigi.shop\/?product=tai-nghe-bluetooth-true-wireless-vivo-tws-air","title":{"rendered":"Tai nghe Bluetooth True Wireless Vivo TWS Air"},"content":{"rendered":"<section class=\"technical-content-section\">\n<h3 data-path-to-node=\"2\"><b data-path-to-node=\"2\" data-index-in-node=\"0\">B\u1ea2NG TH\u00d4NG S\u1ed0 K\u1ef8 THU\u1eacT CHI TI\u1ebeT TAI NGHE VIVO TWS<\/b><\/h3>\n<table data-path-to-node=\"3\">\n<thead>\n<tr>\n<td><strong>Danh m\u1ee5c<\/strong><\/td>\n<td><strong>Chi ti\u1ebft th\u00f4ng s\u1ed1 &amp; M\u00f4 t\u1ea3 t\u00ednh n\u0103ng<\/strong><\/td>\n<\/tr>\n<\/thead>\n<tbody>\n<tr>\n<td><span data-path-to-node=\"3,1,0,0\"><b data-path-to-node=\"3,1,0,0\" data-index-in-node=\"0\">C\u00f4ng ngh\u1ec7 \u00e2m thanh<\/b><\/span><\/td>\n<td><span data-path-to-node=\"3,1,1,0\"><b data-path-to-node=\"3,1,1,0\" data-index-in-node=\"0\">Hi\u1ec7u \u1ee9ng \u00e2m thanh DeepX 2.0:<\/b> \u0110\u00e2y l\u00e0 h\u1ec7 th\u1ed1ng \u00e2m thanh chuy\u00ean nghi\u1ec7p do vivo ph\u00e1t tri\u1ec3n, cho ph\u00e9p ng\u01b0\u1eddi d\u00f9ng t\u00f9y ch\u1ec9nh c\u00e1c ch\u1ebf \u0111\u1ed9 \u00e2m thanh nh\u01b0: Si\u00eau tr\u1ea7m (Mega Bass), Gi\u1ecdng h\u00e1t r\u00f5 n\u00e9t (Clear Voice) v\u00e0 \u00c2m cao trong tr\u1ebbo (Clear Bright Treble). C\u00f4ng ngh\u1ec7 n\u00e0y mang \u0111\u1ebfn tr\u1ea3i nghi\u1ec7m nghe nh\u1ea1c s\u1ed1ng \u0111\u1ed9ng, c\u00e1 nh\u00e2n h\u00f3a theo t\u1eebng th\u1ec3 lo\u1ea1i \u00e2m nh\u1ea1c kh\u00e1c nhau.<\/span><\/td>\n<\/tr>\n<tr>\n<td><span data-path-to-node=\"3,2,0,0\"><b data-path-to-node=\"3,2,0,0\" data-index-in-node=\"0\">Kh\u1ea3 n\u0103ng k\u1ebft n\u1ed1i<\/b><\/span><\/td>\n<td><span data-path-to-node=\"3,2,1,0\"><b data-path-to-node=\"3,2,1,0\" data-index-in-node=\"0\">Bluetooth 5.2:<\/b> Trang b\u1ecb chu\u1ea9n k\u1ebft n\u1ed1i hi\u1ec7n \u0111\u1ea1i gi\u00fap t\u1ed1c \u0111\u1ed9 truy\u1ec1n t\u1ea3i d\u1eef li\u1ec7u nhanh h\u01a1n, gi\u1ea3m thi\u1ec3u \u0111\u1ed9 tr\u1ec5 \u00e2m thanh khi xem phim ho\u1eb7c ch\u01a1i game. Ph\u1ea1m vi k\u1ebft n\u1ed1i \u1ed5n \u0111\u1ecbnh l\u00ean \u0111\u1ebfn <b data-path-to-node=\"3,2,1,0\" data-index-in-node=\"177\">10 m<\/b> trong m\u00f4i tr\u01b0\u1eddng kh\u00f4ng v\u1eadt c\u1ea3n, h\u1ed7 tr\u1ee3 gh\u00e9p n\u1ed1i nhanh ch\u00f3ng v\u1edbi c\u00e1c thi\u1ebft b\u1ecb Android v\u00e0 iOS.<\/span><\/td>\n<\/tr>\n<tr>\n<td><span data-path-to-node=\"3,3,0,0\"><b data-path-to-node=\"3,3,0,0\" data-index-in-node=\"0\">Th\u1eddi l\u01b0\u1ee3ng Pin &amp; S\u1ea1c<\/b><\/span><\/td>\n<td><span data-path-to-node=\"3,3,1,0\"><b data-path-to-node=\"3,3,1,0\" data-index-in-node=\"0\">Dung l\u01b0\u1ee3ng pin \u1ea5n t\u01b0\u1ee3ng:<\/b> Tai nghe \u0111\u01a1n cung c\u1ea5p th\u1eddi gian nghe li\u00ean t\u1ee5c kho\u1ea3ng <b data-path-to-node=\"3,3,1,0\" data-index-in-node=\"78\">4.5 gi\u1edd<\/b>. Khi k\u1ebft h\u1ee3p c\u00f9ng h\u1ed9p s\u1ea1c, t\u1ed5ng th\u1eddi gian s\u1eed d\u1ee5ng l\u00ean \u0111\u1ebfn <b data-path-to-node=\"3,3,1,0\" data-index-in-node=\"144\">25 gi\u1edd<\/b>, \u0111\u1ea3m b\u1ea3o tr\u1ea3i nghi\u1ec7m \u00e2m nh\u1ea1c xuy\u00ean su\u1ed1t ng\u00e0y d\u00e0i. Thi\u1ebft b\u1ecb s\u1eed d\u1ee5ng c\u1ed5ng s\u1ea1c <b data-path-to-node=\"3,3,1,0\" data-index-in-node=\"227\">Type-C<\/b> ti\u00eau chu\u1ea9n, h\u1ed7 tr\u1ee3 s\u1ea1c \u0111\u1ea7y to\u00e0n b\u1ed9 h\u1ec7 th\u1ed1ng ch\u1ec9 trong <b data-path-to-node=\"3,3,1,0\" data-index-in-node=\"288\">1.5 gi\u1edd<\/b>.<\/span><\/td>\n<\/tr>\n<tr>\n<td><span data-path-to-node=\"3,4,0,0\"><b data-path-to-node=\"3,4,0,0\" data-index-in-node=\"0\">H\u1ec7 th\u1ed1ng \u0111i\u1ec1u khi\u1ec3n<\/b><\/span><\/td>\n<td><span data-path-to-node=\"3,4,1,0\"><b data-path-to-node=\"3,4,1,0\" data-index-in-node=\"0\">C\u1ea3m \u1ee9ng th\u00f4ng minh (Touch Control):<\/b> Ng\u01b0\u1eddi d\u00f9ng c\u00f3 th\u1ec3 d\u1ec5 d\u00e0ng \u0111i\u1ec1u khi\u1ec3n ch\u1ec9 b\u1eb1ng nh\u1eefng c\u00fa ch\u1ea1m nh\u1eb9 tr\u00ean th\u00e2n tai nghe. C\u00e1c thao t\u00e1c h\u1ed7 tr\u1ee3 bao g\u1ed3m: Chuy\u1ec3n b\u00e0i h\u00e1t, \u0111i\u1ec1u ch\u1ec9nh \u00e2m l\u01b0\u1ee3ng tr\u1ef1c ti\u1ebfp, tr\u1ea3 l\u1eddi ho\u1eb7c k\u1ebft th\u00fac cu\u1ed9c g\u1ecdi v\u00e0 k\u00edch ho\u1ea1t tr\u1ee3 l\u00fd \u1ea3o (Siri\/Google Assistant) \u0111\u1ec3 \u0111i\u1ec1u khi\u1ec3n b\u1eb1ng gi\u1ecdng n\u00f3i.<\/span><\/td>\n<\/tr>\n<tr>\n<td><span data-path-to-node=\"3,5,0,0\"><b data-path-to-node=\"3,5,0,0\" data-index-in-node=\"0\">T\u00ednh n\u0103ng ti\u1ec7n \u00edch<\/b><\/span><\/td>\n<td><span data-path-to-node=\"3,5,1,0\"><b data-path-to-node=\"3,5,1,0\" data-index-in-node=\"0\">Kh\u1eed ti\u1ebfng \u1ed3n Micro k\u00e9p AI:<\/b> H\u1ec7 th\u1ed1ng micro k\u00e9p k\u1ebft h\u1ee3p v\u1edbi thu\u1eadt to\u00e1n tr\u00ed tu\u1ec7 nh\u00e2n t\u1ea1o (AI) gi\u00fap nh\u1eadn di\u1ec7n v\u00e0 lo\u1ea1i b\u1ecf c\u00e1c t\u1ea1p \u00e2m t\u1eeb m\u00f4i tr\u01b0\u1eddng xung quanh (ti\u1ebfng xe c\u1ed9, ti\u1ebfng gi\u00f3). \u0110i\u1ec1u n\u00e0y gi\u00fap gi\u1ecdng n\u00f3i c\u1ee7a b\u1ea1n lu\u00f4n r\u00f5 r\u00e0ng, trong tr\u1ebbo ngay c\u1ea3 khi \u0111ang \u0111\u00e0m tho\u1ea1i \u1edf nh\u1eefng n\u01a1i c\u00f4ng c\u1ed9ng \u1ed3n \u00e0o.<\/span><\/td>\n<\/tr>\n<tr>\n<td><span data-path-to-node=\"3,6,0,0\"><b data-path-to-node=\"3,6,0,0\" data-index-in-node=\"0\">K\u00edch th\u01b0\u1edbc &amp; Tr\u1ecdng l\u01b0\u1ee3ng<\/b><\/span><\/td>\n<td><span data-path-to-node=\"3,6,1,0\"><b data-path-to-node=\"3,6,1,0\" data-index-in-node=\"0\">Thi\u1ebft k\u1ebf c\u00f4ng th\u00e1i h\u1ecdc:<\/b> K\u00edch th\u01b0\u1edbc h\u1ed9p s\u1ea1c v\u00f4 c\u00f9ng nh\u1ecf g\u1ecdn (<b data-path-to-node=\"3,6,1,0\" data-index-in-node=\"60\">56 \u00d7 52 \u00d7 24 mm<\/b>), d\u1ec5 d\u00e0ng n\u1eb1m g\u1ecdn trong l\u00f2ng b\u00e0n tay ho\u1eb7c t\u00fai qu\u1ea7n. V\u1edbi tr\u1ecdng l\u01b0\u1ee3ng si\u00eau nh\u1eb9 ch\u1ec9 <b data-path-to-node=\"3,6,1,0\" data-index-in-node=\"157\">38.04 gram<\/b>, tai nghe mang l\u1ea1i c\u1ea3m gi\u00e1c \u0111eo &#8220;nh\u1eb9 t\u1ef1a nh\u01b0 kh\u00f4ng&#8221;, kh\u00f4ng g\u00e2y \u0111au m\u1ecfi khi s\u1eed d\u1ee5ng trong th\u1eddi gian d\u00e0i.<\/span><\/td>\n<\/tr>\n<tr>\n<td><span data-path-to-node=\"3,7,0,0\"><b data-path-to-node=\"3,7,0,0\" data-index-in-node=\"0\">Th\u00f4ng tin th\u01b0\u01a1ng hi\u1ec7u<\/b><\/span><\/td>\n<td><span data-path-to-node=\"3,7,1,0\">S\u1ea3n ph\u1ea9m ch\u00ednh h\u00e3ng \u0111\u01b0\u1ee3c nghi\u00ean c\u1ee9u v\u00e0 ph\u00e1t tri\u1ec3n b\u1edfi <b data-path-to-node=\"3,7,1,0\" data-index-in-node=\"54\">vivo<\/b> \u2013 T\u1eadp \u0111o\u00e0n c\u00f4ng ngh\u1ec7 h\u00e0ng \u0111\u1ea7u th\u1ebf gi\u1edbi, cam k\u1ebft mang l\u1ea1i ch\u1ea5t l\u01b0\u1ee3ng ho\u00e0n thi\u1ec7n t\u1ed1t nh\u1ea5t v\u00e0 tr\u1ea3i nghi\u1ec7m ng\u01b0\u1eddi d\u00f9ng t\u1ed1i \u01b0u.<\/span><\/td>\n<\/tr>\n<\/tbody>\n<\/table>\n<\/section>\n","protected":false},"excerpt":{"rendered":"<p>B\u1ea2NG TH\u00d4NG S\u1ed0 K\u1ef8 THU\u1eacT CHI TI\u1ebeT TAI NGHE VIVO TWS Danh m\u1ee5c Chi ti\u1ebft th\u00f4ng s\u1ed1 &amp; M\u00f4 t\u1ea3 t\u00ednh n\u0103ng C\u00f4ng ngh\u1ec7 \u00e2m thanh Hi\u1ec7u \u1ee9ng \u00e2m thanh DeepX 2.0: \u0110\u00e2y l\u00e0 h\u1ec7 th\u1ed1ng \u00e2m thanh chuy\u00ean nghi\u1ec7p do vivo ph\u00e1t tri\u1ec3n, cho ph\u00e9p ng\u01b0\u1eddi d\u00f9ng t\u00f9y ch\u1ec9nh c\u00e1c ch\u1ebf \u0111\u1ed9 \u00e2m thanh [&#8230;]\n","protected":false},"featured_media":806,"comment_status":"open","ping_status":"closed","template":"","meta":[],"product_brand":[39],"product_cat":[28],"product_tag":[43],"class_list":{"0":"post-749","1":"product","2":"type-product","3":"status-publish","4":"has-post-thumbnail","6":"product_brand-vivo","7":"product_cat-tai-nghe","8":"product_tag-phu-kien","10":"first","11":"instock","12":"sale","13":"shipping-taxable","14":"purchasable","15":"product-type-variable"},"yoast_head":"<!-- This site is optimized with the Yoast SEO plugin v27.2 - https:\/\/yoast.com\/product\/yoast-seo-wordpress\/ -->\n<title>Tai nghe Bluetooth True Wireless Vivo TWS Air - manimo<\/title>\n<meta name=\"description\" content=\"Tai nghe Bluetooth True Wireless Vivo TWS Air c\u00e1p s\u1ea1c type-c\" \/>\n<meta name=\"robots\" content=\"index, follow, max-snippet:-1, max-image-preview:large, max-video-preview:-1\" \/>\n<link rel=\"canonical\" href=\"https:\/\/manimo.azdigi.shop\/?product=tai-nghe-bluetooth-true-wireless-vivo-tws-air\" \/>\n<meta property=\"og:locale\" content=\"vi_VN\" \/>\n<meta property=\"og:type\" content=\"article\" \/>\n<meta property=\"og:title\" content=\"Tai nghe Bluetooth True Wireless Vivo TWS Air - manimo\" \/>\n<meta property=\"og:description\" content=\"Tai nghe Bluetooth True Wireless Vivo TWS Air c\u00e1p s\u1ea1c type-c\" \/>\n<meta property=\"og:url\" content=\"https:\/\/manimo.azdigi.shop\/?product=tai-nghe-bluetooth-true-wireless-vivo-tws-air\" \/>\n<meta property=\"og:site_name\" content=\"manimo\" \/>\n<meta property=\"article:modified_time\" content=\"2026-04-11T18:47:27+00:00\" \/>\n<meta property=\"og:image\" content=\"https:\/\/manimo.azdigi.shop\/wp-content\/uploads\/2026\/04\/OIP-4.webp\" \/>\n\t<meta property=\"og:image:width\" content=\"474\" \/>\n\t<meta property=\"og:image:height\" content=\"474\" \/>\n\t<meta property=\"og:image:type\" content=\"image\/webp\" \/>\n<meta name=\"twitter:card\" content=\"summary_large_image\" \/>\n<meta name=\"twitter:label1\" content=\"\u01af\u1edbc t\u00ednh th\u1eddi gian \u0111\u1ecdc\" \/>\n\t<meta name=\"twitter:data1\" content=\"3 ph\u00fat\" \/>\n<script type=\"application\/ld+json\" class=\"yoast-schema-graph\">{\"@context\":\"https:\/\/schema.org\",\"@graph\":[{\"@type\":\"WebPage\",\"@id\":\"https:\/\/manimo.azdigi.shop\/?product=tai-nghe-bluetooth-true-wireless-vivo-tws-air\",\"url\":\"https:\/\/manimo.azdigi.shop\/?product=tai-nghe-bluetooth-true-wireless-vivo-tws-air\",\"name\":\"Tai nghe Bluetooth True Wireless Vivo TWS Air - manimo\",\"isPartOf\":{\"@id\":\"https:\/\/manimo.azdigi.shop\/#website\"},\"primaryImageOfPage\":{\"@id\":\"https:\/\/manimo.azdigi.shop\/?product=tai-nghe-bluetooth-true-wireless-vivo-tws-air#primaryimage\"},\"image\":{\"@id\":\"https:\/\/manimo.azdigi.shop\/?product=tai-nghe-bluetooth-true-wireless-vivo-tws-air#primaryimage\"},\"thumbnailUrl\":\"https:\/\/manimo.azdigi.shop\/wp-content\/uploads\/2026\/04\/OIP-4.webp\",\"datePublished\":\"2026-04-11T12:48:04+00:00\",\"dateModified\":\"2026-04-11T18:47:27+00:00\",\"description\":\"Tai nghe Bluetooth True Wireless Vivo TWS Air c\u00e1p s\u1ea1c type-c\",\"breadcrumb\":{\"@id\":\"https:\/\/manimo.azdigi.shop\/?product=tai-nghe-bluetooth-true-wireless-vivo-tws-air#breadcrumb\"},\"inLanguage\":\"vi\",\"potentialAction\":[{\"@type\":\"ReadAction\",\"target\":[\"https:\/\/manimo.azdigi.shop\/?product=tai-nghe-bluetooth-true-wireless-vivo-tws-air\"]}]},{\"@type\":\"ImageObject\",\"inLanguage\":\"vi\",\"@id\":\"https:\/\/manimo.azdigi.shop\/?product=tai-nghe-bluetooth-true-wireless-vivo-tws-air#primaryimage\",\"url\":\"https:\/\/manimo.azdigi.shop\/wp-content\/uploads\/2026\/04\/OIP-4.webp\",\"contentUrl\":\"https:\/\/manimo.azdigi.shop\/wp-content\/uploads\/2026\/04\/OIP-4.webp\",\"width\":474,\"height\":474},{\"@type\":\"BreadcrumbList\",\"@id\":\"https:\/\/manimo.azdigi.shop\/?product=tai-nghe-bluetooth-true-wireless-vivo-tws-air#breadcrumb\",\"itemListElement\":[{\"@type\":\"ListItem\",\"position\":1,\"name\":\"Trang ch\u1ee7\",\"item\":\"https:\/\/manimo.azdigi.shop\/\"},{\"@type\":\"ListItem\",\"position\":2,\"name\":\"C\u1eeda h\u00e0ng\",\"item\":\"https:\/\/manimo.azdigi.shop\/?page_id=135\"},{\"@type\":\"ListItem\",\"position\":3,\"name\":\"Tai nghe Bluetooth True Wireless Vivo TWS Air\"}]},{\"@type\":\"WebSite\",\"@id\":\"https:\/\/manimo.azdigi.shop\/#website\",\"url\":\"https:\/\/manimo.azdigi.shop\/\",\"name\":\"manimo\",\"description\":\"\",\"publisher\":{\"@id\":\"https:\/\/manimo.azdigi.shop\/#\/schema\/person\/f5af9933f35e1ed562543e32f9cc9e5a\"},\"potentialAction\":[{\"@type\":\"SearchAction\",\"target\":{\"@type\":\"EntryPoint\",\"urlTemplate\":\"https:\/\/manimo.azdigi.shop\/?s={search_term_string}\"},\"query-input\":{\"@type\":\"PropertyValueSpecification\",\"valueRequired\":true,\"valueName\":\"search_term_string\"}}],\"inLanguage\":\"vi\"},{\"@type\":[\"Person\",\"Organization\"],\"@id\":\"https:\/\/manimo.azdigi.shop\/#\/schema\/person\/f5af9933f35e1ed562543e32f9cc9e5a\",\"name\":\"minhthu\",\"image\":{\"@type\":\"ImageObject\",\"inLanguage\":\"vi\",\"@id\":\"https:\/\/manimo.azdigi.shop\/wp-content\/uploads\/2026\/01\/z7488041999297_b562961af81f23ff12cf67de04bbd075.jpg\",\"url\":\"https:\/\/manimo.azdigi.shop\/wp-content\/uploads\/2026\/01\/z7488041999297_b562961af81f23ff12cf67de04bbd075.jpg\",\"contentUrl\":\"https:\/\/manimo.azdigi.shop\/wp-content\/uploads\/2026\/01\/z7488041999297_b562961af81f23ff12cf67de04bbd075.jpg\",\"width\":269,\"height\":218,\"caption\":\"minhthu\"},\"logo\":{\"@id\":\"https:\/\/manimo.azdigi.shop\/wp-content\/uploads\/2026\/01\/z7488041999297_b562961af81f23ff12cf67de04bbd075.jpg\"},\"sameAs\":[\"https:\/\/manimo.azdigi.shop\"]}]}<\/script>\n<!-- \/ Yoast SEO plugin. -->","yoast_head_json":{"title":"Tai nghe Bluetooth True Wireless Vivo TWS Air - manimo","description":"Tai nghe Bluetooth True Wireless Vivo TWS Air c\u00e1p s\u1ea1c type-c","robots":{"index":"index","follow":"follow","max-snippet":"max-snippet:-1","max-image-preview":"max-image-preview:large","max-video-preview":"max-video-preview:-1"},"canonical":"https:\/\/manimo.azdigi.shop\/?product=tai-nghe-bluetooth-true-wireless-vivo-tws-air","og_locale":"vi_VN","og_type":"article","og_title":"Tai nghe Bluetooth True Wireless Vivo TWS Air - manimo","og_description":"Tai nghe Bluetooth True Wireless Vivo TWS Air c\u00e1p s\u1ea1c type-c","og_url":"https:\/\/manimo.azdigi.shop\/?product=tai-nghe-bluetooth-true-wireless-vivo-tws-air","og_site_name":"manimo","article_modified_time":"2026-04-11T18:47:27+00:00","og_image":[{"width":474,"height":474,"url":"https:\/\/manimo.azdigi.shop\/wp-content\/uploads\/2026\/04\/OIP-4.webp","type":"image\/webp"}],"twitter_card":"summary_large_image","twitter_misc":{"\u01af\u1edbc t\u00ednh th\u1eddi gian \u0111\u1ecdc":"3 ph\u00fat"},"schema":{"@context":"https:\/\/schema.org","@graph":[{"@type":"WebPage","@id":"https:\/\/manimo.azdigi.shop\/?product=tai-nghe-bluetooth-true-wireless-vivo-tws-air","url":"https:\/\/manimo.azdigi.shop\/?product=tai-nghe-bluetooth-true-wireless-vivo-tws-air","name":"Tai nghe Bluetooth True Wireless Vivo TWS Air - manimo","isPartOf":{"@id":"https:\/\/manimo.azdigi.shop\/#website"},"primaryImageOfPage":{"@id":"https:\/\/manimo.azdigi.shop\/?product=tai-nghe-bluetooth-true-wireless-vivo-tws-air#primaryimage"},"image":{"@id":"https:\/\/manimo.azdigi.shop\/?product=tai-nghe-bluetooth-true-wireless-vivo-tws-air#primaryimage"},"thumbnailUrl":"https:\/\/manimo.azdigi.shop\/wp-content\/uploads\/2026\/04\/OIP-4.webp","datePublished":"2026-04-11T12:48:04+00:00","dateModified":"2026-04-11T18:47:27+00:00","description":"Tai nghe Bluetooth True Wireless Vivo TWS Air c\u00e1p s\u1ea1c type-c","breadcrumb":{"@id":"https:\/\/manimo.azdigi.shop\/?product=tai-nghe-bluetooth-true-wireless-vivo-tws-air#breadcrumb"},"inLanguage":"vi","potentialAction":[{"@type":"ReadAction","target":["https:\/\/manimo.azdigi.shop\/?product=tai-nghe-bluetooth-true-wireless-vivo-tws-air"]}]},{"@type":"ImageObject","inLanguage":"vi","@id":"https:\/\/manimo.azdigi.shop\/?product=tai-nghe-bluetooth-true-wireless-vivo-tws-air#primaryimage","url":"https:\/\/manimo.azdigi.shop\/wp-content\/uploads\/2026\/04\/OIP-4.webp","contentUrl":"https:\/\/manimo.azdigi.shop\/wp-content\/uploads\/2026\/04\/OIP-4.webp","width":474,"height":474},{"@type":"BreadcrumbList","@id":"https:\/\/manimo.azdigi.shop\/?product=tai-nghe-bluetooth-true-wireless-vivo-tws-air#breadcrumb","itemListElement":[{"@type":"ListItem","position":1,"name":"Trang ch\u1ee7","item":"https:\/\/manimo.azdigi.shop\/"},{"@type":"ListItem","position":2,"name":"C\u1eeda h\u00e0ng","item":"https:\/\/manimo.azdigi.shop\/?page_id=135"},{"@type":"ListItem","position":3,"name":"Tai nghe Bluetooth True Wireless Vivo TWS Air"}]},{"@type":"WebSite","@id":"https:\/\/manimo.azdigi.shop\/#website","url":"https:\/\/manimo.azdigi.shop\/","name":"manimo","description":"","publisher":{"@id":"https:\/\/manimo.azdigi.shop\/#\/schema\/person\/f5af9933f35e1ed562543e32f9cc9e5a"},"potentialAction":[{"@type":"SearchAction","target":{"@type":"EntryPoint","urlTemplate":"https:\/\/manimo.azdigi.shop\/?s={search_term_string}"},"query-input":{"@type":"PropertyValueSpecification","valueRequired":true,"valueName":"search_term_string"}}],"inLanguage":"vi"},{"@type":["Person","Organization"],"@id":"https:\/\/manimo.azdigi.shop\/#\/schema\/person\/f5af9933f35e1ed562543e32f9cc9e5a","name":"minhthu","image":{"@type":"ImageObject","inLanguage":"vi","@id":"https:\/\/manimo.azdigi.shop\/wp-content\/uploads\/2026\/01\/z7488041999297_b562961af81f23ff12cf67de04bbd075.jpg","url":"https:\/\/manimo.azdigi.shop\/wp-content\/uploads\/2026\/01\/z7488041999297_b562961af81f23ff12cf67de04bbd075.jpg","contentUrl":"https:\/\/manimo.azdigi.shop\/wp-content\/uploads\/2026\/01\/z7488041999297_b562961af81f23ff12cf67de04bbd075.jpg","width":269,"height":218,"caption":"minhthu"},"logo":{"@id":"https:\/\/manimo.azdigi.shop\/wp-content\/uploads\/2026\/01\/z7488041999297_b562961af81f23ff12cf67de04bbd075.jpg"},"sameAs":["https:\/\/manimo.azdigi.shop"]}]}},"_links":{"self":[{"href":"https:\/\/manimo.azdigi.shop\/index.php?rest_route=\/wp\/v2\/product\/749","targetHints":{"allow":["GET"]}}],"collection":[{"href":"https:\/\/manimo.azdigi.shop\/index.php?rest_route=\/wp\/v2\/product"}],"about":[{"href":"https:\/\/manimo.azdigi.shop\/index.php?rest_route=\/wp\/v2\/types\/product"}],"replies":[{"embeddable":true,"href":"https:\/\/manimo.azdigi.shop\/index.php?rest_route=%2Fwp%2Fv2%2Fcomments&post=749"}],"wp:featuredmedia":[{"embeddable":true,"href":"https:\/\/manimo.azdigi.shop\/index.php?rest_route=\/wp\/v2\/media\/806"}],"wp:attachment":[{"href":"https:\/\/manimo.azdigi.shop\/index.php?rest_route=%2Fwp%2Fv2%2Fmedia&parent=749"}],"wp:term":[{"taxonomy":"product_brand","embeddable":true,"href":"https:\/\/manimo.azdigi.shop\/index.php?rest_route=%2Fwp%2Fv2%2Fproduct_brand&post=749"},{"taxonomy":"product_cat","embeddable":true,"href":"https:\/\/manimo.azdigi.shop\/index.php?rest_route=%2Fwp%2Fv2%2Fproduct_cat&post=749"},{"taxonomy":"product_tag","embeddable":true,"href":"https:\/\/manimo.azdigi.shop\/index.php?rest_route=%2Fwp%2Fv2%2Fproduct_tag&post=749"}],"curies":[{"name":"wp","href":"https:\/\/api.w.org\/{rel}","templated":true}]}}