{"id":739,"date":"2026-04-11T12:16:53","date_gmt":"2026-04-11T12:16:53","guid":{"rendered":"https:\/\/manimo.azdigi.shop\/?post_type=product&#038;p=739"},"modified":"2026-04-11T18:53:39","modified_gmt":"2026-04-11T18:53:39","slug":"pin-du-phong-oppo-tekin","status":"publish","type":"product","link":"https:\/\/manimo.azdigi.shop\/?product=pin-du-phong-oppo-tekin","title":{"rendered":"Oppo Tekin"},"content":{"rendered":"<h3 data-path-to-node=\"2\"><b data-path-to-node=\"2\" data-index-in-node=\"0\">B\u1ea2NG TH\u00d4NG S\u1ed0 K\u1ef8 THU\u1eacT CHI TI\u1ebeT PIN S\u1ea0C D\u1ef0 PH\u00d2NG OPPO TEKIN<\/b><\/h3>\n<table data-path-to-node=\"3\">\n<thead>\n<tr>\n<td><strong>Danh m\u1ee5c<\/strong><\/td>\n<td><strong>Chi ti\u1ebft th\u00f4ng s\u1ed1 &amp; M\u00f4 t\u1ea3 tr\u1ea3i nghi\u1ec7m<\/strong><\/td>\n<\/tr>\n<\/thead>\n<tbody>\n<tr>\n<td><span data-path-to-node=\"3,1,0,0\"><b data-path-to-node=\"3,1,0,0\" data-index-in-node=\"0\">Dung l\u01b0\u1ee3ng Pin<\/b><\/span><\/td>\n<td><span data-path-to-node=\"3,1,1,0\"><b data-path-to-node=\"3,1,1,0\" data-index-in-node=\"0\">5200mAh:<\/b> V\u1edbi dung l\u01b0\u1ee3ng n\u00e0y, vi\u00ean pin \u0111\u01b0\u1ee3c t\u1ed1i \u01b0u h\u00f3a cho nhu c\u1ea7u s\u1ea1c kh\u1ea9n c\u1ea5p. \u0110\u00e2y l\u00e0 &#8220;ngu\u1ed3n c\u1ee9u tr\u1ee3&#8221; ho\u00e0n h\u1ea3o gi\u00fap \u0111i\u1ec7n tho\u1ea1i c\u1ee7a b\u1ea1n duy tr\u00ec li\u00ean l\u1ea1c trong nh\u1eefng t\u00ecnh hu\u1ed1ng h\u1ebft pin \u0111\u1ed9t xu\u1ea5t khi \u0111ang \u1edf ngo\u00e0i \u0111\u01b0\u1eddng ho\u1eb7c trong c\u00e1c chuy\u1ebfn \u0111i ng\u1eafn ng\u00e0y.<\/span><\/td>\n<\/tr>\n<tr>\n<td><span data-path-to-node=\"3,2,0,0\"><b data-path-to-node=\"3,2,0,0\" data-index-in-node=\"0\">Th\u00f4ng s\u1ed1 d\u00f2ng \u0111i\u1ec7n<\/b><\/span><\/td>\n<td><span data-path-to-node=\"3,2,1,0\"><b data-path-to-node=\"3,2,1,0\" data-index-in-node=\"0\">Input\/Output (5V &#8211; 2A):<\/b> C\u1ea3 ngu\u1ed3n v\u00e0o v\u00e0 ngu\u1ed3n ra \u0111\u1ec1u duy tr\u00ec \u1edf m\u1ee9c \u1ed5n \u0111\u1ecbnh 10W. C\u01b0\u1eddng \u0111\u1ed9 2A gi\u00fap t\u1ed1c \u0111\u1ed9 n\u1ea1p n\u0103ng l\u01b0\u1ee3ng cho pin c\u0169ng nh\u01b0 s\u1ea1c cho thi\u1ebft b\u1ecb di \u0111\u1ed9ng di\u1ec5n ra nhanh ch\u00f3ng v\u00e0 \u1ed5n \u0111\u1ecbnh h\u01a1n so v\u1edbi c\u00e1c d\u00f2ng s\u1ea1c 1A th\u00f4ng th\u01b0\u1eddng, gi\u1ea3m thi\u1ec3u th\u1eddi gian ch\u1edd \u0111\u1ee3i.<\/span><\/td>\n<\/tr>\n<tr>\n<td><span data-path-to-node=\"3,3,0,0\"><b data-path-to-node=\"3,3,0,0\" data-index-in-node=\"0\">Thi\u1ebft k\u1ebf &amp; Ch\u1ea5t li\u1ec7u<\/b><\/span><\/td>\n<td><span data-path-to-node=\"3,3,1,0\"><b data-path-to-node=\"3,3,1,0\" data-index-in-node=\"0\">V\u1ecf kim lo\u1ea1i cao c\u1ea5p:<\/b> Kh\u00e1c v\u1edbi c\u00e1c d\u00f2ng pin v\u1ecf nh\u1ef1a, Oppo Tekin s\u1eed d\u1ee5ng ch\u1ea5t li\u1ec7u kim lo\u1ea1i ch\u1eafc ch\u1eafn, sang tr\u1ecdng, cho kh\u1ea3 n\u0103ng t\u1ea3n nhi\u1ec7t t\u1ed1t h\u01a1n. Thi\u1ebft k\u1ebf bo tr\u00f2n tinh t\u1ebf v\u1edbi c\u00e1c phi\u00ean b\u1ea3n m\u00e0u s\u1eafc th\u1eddi th\u01b0\u1ee3ng nh\u01b0 <b data-path-to-node=\"3,3,1,0\" data-index-in-node=\"212\">V\u00e0ng (Gold)<\/b> v\u00e0 <b data-path-to-node=\"3,3,1,0\" data-index-in-node=\"227\">X\u00e1m (Grey)<\/b>, ph\u00f9 h\u1ee3p v\u1edbi nhi\u1ec1u phong c\u00e1ch c\u00e1 nh\u00e2n.<\/span><\/td>\n<\/tr>\n<tr>\n<td><span data-path-to-node=\"3,4,0,0\"><b data-path-to-node=\"3,4,0,0\" data-index-in-node=\"0\">K\u00edch th\u01b0\u1edbc &amp; Tr\u1ecdng l\u01b0\u1ee3ng<\/b><\/span><\/td>\n<td><span data-path-to-node=\"3,4,1,0\"><b data-path-to-node=\"3,4,1,0\" data-index-in-node=\"0\">Si\u00eau nh\u1ecf g\u1ecdn:<\/b> V\u1edbi k\u00edch th\u01b0\u1edbc ch\u1ec9 <b data-path-to-node=\"3,4,1,0\" data-index-in-node=\"33\">86 x 40 x 24 mm<\/b> v\u00e0 tr\u1ecdng l\u01b0\u1ee3ng nh\u1eb9 t\u00eanh <b data-path-to-node=\"3,4,1,0\" data-index-in-node=\"73\">140g<\/b>, vi\u00ean pin n\u00e0y ch\u1ec9 t\u01b0\u01a1ng \u0111\u01b0\u01a1ng m\u1ed9t th\u1ecfi son ho\u1eb7c m\u1ed9t chi\u1ebfc b\u1eadt l\u1eeda l\u1edbn. B\u1ea1n c\u00f3 th\u1ec3 d\u1ec5 d\u00e0ng b\u1ecf v\u00e0o t\u00fai qu\u1ea7n, v\u00ed c\u1ea7m tay ho\u1eb7c ng\u0103n nh\u1ecf c\u1ee7a balo m\u00e0 kh\u00f4ng h\u1ec1 g\u00e2y c\u1ea3m gi\u00e1c v\u01b0\u1edbng v\u00edu.<\/span><\/td>\n<\/tr>\n<tr>\n<td><span data-path-to-node=\"3,5,0,0\"><b data-path-to-node=\"3,5,0,0\" data-index-in-node=\"0\">H\u1ec7 th\u1ed1ng an to\u00e0n<\/b><\/span><\/td>\n<td><span data-path-to-node=\"3,5,1,0\"><b data-path-to-node=\"3,5,1,0\" data-index-in-node=\"0\">IC th\u00f4ng minh:<\/b> S\u1ea3n ph\u1ea9m \u0111\u01b0\u1ee3c trang b\u1ecb h\u1ec7 th\u1ed1ng vi m\u1ea1ch (IC) ti\u00ean ti\u1ebfn, c\u00f3 kh\u1ea3 n\u0103ng t\u1ef1 \u0111\u1ed9ng nh\u1eadn di\u1ec7n thi\u1ebft b\u1ecb \u0111\u1ec3 \u0111i\u1ec1u ch\u1ec9nh d\u00f2ng \u0111i\u1ec7n ph\u00f9 h\u1ee3p. T\u00ednh n\u0103ng n\u00e0y gi\u00fap b\u1ea3o v\u1ec7 tuy\u1ec7t \u0111\u1ed1i ch\u1ed1ng l\u1ea1i c\u00e1c r\u1ee7i ro nh\u01b0 qu\u00e1 d\u00f2ng, qu\u00e1 \u00e1p, ng\u1eafn m\u1ea1ch ho\u1eb7c qu\u00e1 nhi\u1ec7t trong su\u1ed1t qu\u00e1 tr\u00ecnh s\u1ea1c.<\/span><\/td>\n<\/tr>\n<tr>\n<td><span data-path-to-node=\"3,6,0,0\"><b data-path-to-node=\"3,6,0,0\" data-index-in-node=\"0\">T\u00ednh n\u0103ng b\u1ed5 tr\u1ee3<\/b><\/span><\/td>\n<td><span data-path-to-node=\"3,6,1,0\"><b data-path-to-node=\"3,6,1,0\" data-index-in-node=\"0\">\u0110\u00e8n LED \u0111a n\u0103ng:<\/b> M\u1ed9t \u0111i\u1ec3m c\u1ed9ng l\u1edbn l\u00e0 vi\u00ean pin t\u00edch h\u1ee3p b\u00f3ng \u0111\u00e8n LED si\u00eau s\u00e1ng, cho ph\u00e9p s\u1eed d\u1ee5ng nh\u01b0 m\u1ed9t chi\u1ebfc \u0111\u00e8n pin ti\u1ec7n l\u1ee3i trong tr\u01b0\u1eddng h\u1ee3p m\u1ea5t \u0111i\u1ec7n ho\u1eb7c c\u1ea7n chi\u1ebfu s\u00e1ng khi di chuy\u1ec3n trong \u0111\u00eam t\u1ed1i.<\/span><\/td>\n<\/tr>\n<tr>\n<td><span data-path-to-node=\"3,7,0,0\"><b data-path-to-node=\"3,7,0,0\" data-index-in-node=\"0\">Kh\u1ea3 n\u0103ng t\u01b0\u01a1ng th\u00edch<\/b><\/span><\/td>\n<td><span data-path-to-node=\"3,7,1,0\">Thi\u1ebft b\u1ecb \u0111\u01b0\u1ee3c thi\u1ebft k\u1ebf \u0111\u1ec3 t\u01b0\u01a1ng th\u00edch v\u1edbi h\u1ea7u h\u1ebft c\u00e1c d\u00f2ng \u0111i\u1ec7n tho\u1ea1i th\u00f4ng minh, m\u00e1y t\u00ednh b\u1ea3ng, tai nghe kh\u00f4ng d\u00e2y v\u00e0 c\u00e1c thi\u1ebft b\u1ecb di \u0111\u1ed9ng s\u1eed d\u1ee5ng c\u1ed5ng s\u1ea1c 5V hi\u1ec7n nay tr\u00ean th\u1ecb tr\u01b0\u1eddng.<\/span><\/td>\n<\/tr>\n<\/tbody>\n<\/table>\n","protected":false},"excerpt":{"rendered":"<p>B\u1ea2NG TH\u00d4NG S\u1ed0 K\u1ef8 THU\u1eacT CHI TI\u1ebeT PIN S\u1ea0C D\u1ef0 PH\u00d2NG OPPO TEKIN Danh m\u1ee5c Chi ti\u1ebft th\u00f4ng s\u1ed1 &amp; M\u00f4 t\u1ea3 tr\u1ea3i nghi\u1ec7m Dung l\u01b0\u1ee3ng Pin 5200mAh: V\u1edbi dung l\u01b0\u1ee3ng n\u00e0y, vi\u00ean pin \u0111\u01b0\u1ee3c t\u1ed1i \u01b0u h\u00f3a cho nhu c\u1ea7u s\u1ea1c kh\u1ea9n c\u1ea5p. \u0110\u00e2y l\u00e0 &#8220;ngu\u1ed3n c\u1ee9u tr\u1ee3&#8221; ho\u00e0n h\u1ea3o gi\u00fap \u0111i\u1ec7n tho\u1ea1i c\u1ee7a [&#8230;]\n","protected":false},"featured_media":742,"comment_status":"open","ping_status":"closed","template":"","meta":[],"product_brand":[40],"product_cat":[31],"product_tag":[43],"class_list":{"0":"post-739","1":"product","2":"type-product","3":"status-publish","4":"has-post-thumbnail","6":"product_brand-oppo","7":"product_cat-sac-du-phong","8":"product_tag-phu-kien","10":"first","11":"instock","12":"sale","13":"shipping-taxable","14":"purchasable","15":"product-type-variable"},"yoast_head":"<!-- This site is optimized with the Yoast SEO plugin v27.2 - https:\/\/yoast.com\/product\/yoast-seo-wordpress\/ -->\n<title>Oppo Tekin - manimo<\/title>\n<meta name=\"description\" content=\"Pin d\u1ef1 ph\u00f2ng Oppo Tekin 5200mAh\" \/>\n<meta name=\"robots\" content=\"index, follow, max-snippet:-1, max-image-preview:large, max-video-preview:-1\" \/>\n<link rel=\"canonical\" href=\"https:\/\/manimo.azdigi.shop\/?product=pin-du-phong-oppo-tekin\" \/>\n<meta property=\"og:locale\" content=\"vi_VN\" \/>\n<meta property=\"og:type\" content=\"article\" \/>\n<meta property=\"og:title\" content=\"Oppo Tekin - manimo\" \/>\n<meta property=\"og:description\" content=\"Pin d\u1ef1 ph\u00f2ng Oppo Tekin 5200mAh\" \/>\n<meta property=\"og:url\" content=\"https:\/\/manimo.azdigi.shop\/?product=pin-du-phong-oppo-tekin\" \/>\n<meta property=\"og:site_name\" content=\"manimo\" \/>\n<meta property=\"article:modified_time\" content=\"2026-04-11T18:53:39+00:00\" \/>\n<meta property=\"og:image\" content=\"https:\/\/manimo.azdigi.shop\/wp-content\/uploads\/2026\/04\/sac-du-phong-tekin-tp501-1m4g3-u3khss.jpg\" \/>\n\t<meta property=\"og:image:width\" content=\"500\" \/>\n\t<meta property=\"og:image:height\" content=\"500\" \/>\n\t<meta property=\"og:image:type\" content=\"image\/jpeg\" \/>\n<meta name=\"twitter:card\" content=\"summary_large_image\" \/>\n<meta name=\"twitter:label1\" content=\"\u01af\u1edbc t\u00ednh th\u1eddi gian \u0111\u1ecdc\" \/>\n\t<meta name=\"twitter:data1\" content=\"3 ph\u00fat\" \/>\n<script type=\"application\/ld+json\" class=\"yoast-schema-graph\">{\"@context\":\"https:\/\/schema.org\",\"@graph\":[{\"@type\":\"WebPage\",\"@id\":\"https:\/\/manimo.azdigi.shop\/?product=pin-du-phong-oppo-tekin\",\"url\":\"https:\/\/manimo.azdigi.shop\/?product=pin-du-phong-oppo-tekin\",\"name\":\"Oppo Tekin - manimo\",\"isPartOf\":{\"@id\":\"https:\/\/manimo.azdigi.shop\/#website\"},\"primaryImageOfPage\":{\"@id\":\"https:\/\/manimo.azdigi.shop\/?product=pin-du-phong-oppo-tekin#primaryimage\"},\"image\":{\"@id\":\"https:\/\/manimo.azdigi.shop\/?product=pin-du-phong-oppo-tekin#primaryimage\"},\"thumbnailUrl\":\"https:\/\/manimo.azdigi.shop\/wp-content\/uploads\/2026\/04\/sac-du-phong-tekin-tp501-1m4g3-u3khss.jpg\",\"datePublished\":\"2026-04-11T12:16:53+00:00\",\"dateModified\":\"2026-04-11T18:53:39+00:00\",\"description\":\"Pin d\u1ef1 ph\u00f2ng Oppo Tekin 5200mAh\",\"breadcrumb\":{\"@id\":\"https:\/\/manimo.azdigi.shop\/?product=pin-du-phong-oppo-tekin#breadcrumb\"},\"inLanguage\":\"vi\",\"potentialAction\":[{\"@type\":\"ReadAction\",\"target\":[\"https:\/\/manimo.azdigi.shop\/?product=pin-du-phong-oppo-tekin\"]}]},{\"@type\":\"ImageObject\",\"inLanguage\":\"vi\",\"@id\":\"https:\/\/manimo.azdigi.shop\/?product=pin-du-phong-oppo-tekin#primaryimage\",\"url\":\"https:\/\/manimo.azdigi.shop\/wp-content\/uploads\/2026\/04\/sac-du-phong-tekin-tp501-1m4g3-u3khss.jpg\",\"contentUrl\":\"https:\/\/manimo.azdigi.shop\/wp-content\/uploads\/2026\/04\/sac-du-phong-tekin-tp501-1m4g3-u3khss.jpg\",\"width\":500,\"height\":500},{\"@type\":\"BreadcrumbList\",\"@id\":\"https:\/\/manimo.azdigi.shop\/?product=pin-du-phong-oppo-tekin#breadcrumb\",\"itemListElement\":[{\"@type\":\"ListItem\",\"position\":1,\"name\":\"Trang ch\u1ee7\",\"item\":\"https:\/\/manimo.azdigi.shop\/\"},{\"@type\":\"ListItem\",\"position\":2,\"name\":\"C\u1eeda h\u00e0ng\",\"item\":\"https:\/\/manimo.azdigi.shop\/?page_id=135\"},{\"@type\":\"ListItem\",\"position\":3,\"name\":\"Oppo Tekin\"}]},{\"@type\":\"WebSite\",\"@id\":\"https:\/\/manimo.azdigi.shop\/#website\",\"url\":\"https:\/\/manimo.azdigi.shop\/\",\"name\":\"manimo\",\"description\":\"\",\"publisher\":{\"@id\":\"https:\/\/manimo.azdigi.shop\/#\/schema\/person\/f5af9933f35e1ed562543e32f9cc9e5a\"},\"potentialAction\":[{\"@type\":\"SearchAction\",\"target\":{\"@type\":\"EntryPoint\",\"urlTemplate\":\"https:\/\/manimo.azdigi.shop\/?s={search_term_string}\"},\"query-input\":{\"@type\":\"PropertyValueSpecification\",\"valueRequired\":true,\"valueName\":\"search_term_string\"}}],\"inLanguage\":\"vi\"},{\"@type\":[\"Person\",\"Organization\"],\"@id\":\"https:\/\/manimo.azdigi.shop\/#\/schema\/person\/f5af9933f35e1ed562543e32f9cc9e5a\",\"name\":\"minhthu\",\"image\":{\"@type\":\"ImageObject\",\"inLanguage\":\"vi\",\"@id\":\"https:\/\/manimo.azdigi.shop\/wp-content\/uploads\/2026\/01\/z7488041999297_b562961af81f23ff12cf67de04bbd075.jpg\",\"url\":\"https:\/\/manimo.azdigi.shop\/wp-content\/uploads\/2026\/01\/z7488041999297_b562961af81f23ff12cf67de04bbd075.jpg\",\"contentUrl\":\"https:\/\/manimo.azdigi.shop\/wp-content\/uploads\/2026\/01\/z7488041999297_b562961af81f23ff12cf67de04bbd075.jpg\",\"width\":269,\"height\":218,\"caption\":\"minhthu\"},\"logo\":{\"@id\":\"https:\/\/manimo.azdigi.shop\/wp-content\/uploads\/2026\/01\/z7488041999297_b562961af81f23ff12cf67de04bbd075.jpg\"},\"sameAs\":[\"https:\/\/manimo.azdigi.shop\"]}]}<\/script>\n<!-- \/ Yoast SEO plugin. -->","yoast_head_json":{"title":"Oppo Tekin - manimo","description":"Pin d\u1ef1 ph\u00f2ng Oppo Tekin 5200mAh","robots":{"index":"index","follow":"follow","max-snippet":"max-snippet:-1","max-image-preview":"max-image-preview:large","max-video-preview":"max-video-preview:-1"},"canonical":"https:\/\/manimo.azdigi.shop\/?product=pin-du-phong-oppo-tekin","og_locale":"vi_VN","og_type":"article","og_title":"Oppo Tekin - manimo","og_description":"Pin d\u1ef1 ph\u00f2ng Oppo Tekin 5200mAh","og_url":"https:\/\/manimo.azdigi.shop\/?product=pin-du-phong-oppo-tekin","og_site_name":"manimo","article_modified_time":"2026-04-11T18:53:39+00:00","og_image":[{"width":500,"height":500,"url":"https:\/\/manimo.azdigi.shop\/wp-content\/uploads\/2026\/04\/sac-du-phong-tekin-tp501-1m4g3-u3khss.jpg","type":"image\/jpeg"}],"twitter_card":"summary_large_image","twitter_misc":{"\u01af\u1edbc t\u00ednh th\u1eddi gian \u0111\u1ecdc":"3 ph\u00fat"},"schema":{"@context":"https:\/\/schema.org","@graph":[{"@type":"WebPage","@id":"https:\/\/manimo.azdigi.shop\/?product=pin-du-phong-oppo-tekin","url":"https:\/\/manimo.azdigi.shop\/?product=pin-du-phong-oppo-tekin","name":"Oppo Tekin - manimo","isPartOf":{"@id":"https:\/\/manimo.azdigi.shop\/#website"},"primaryImageOfPage":{"@id":"https:\/\/manimo.azdigi.shop\/?product=pin-du-phong-oppo-tekin#primaryimage"},"image":{"@id":"https:\/\/manimo.azdigi.shop\/?product=pin-du-phong-oppo-tekin#primaryimage"},"thumbnailUrl":"https:\/\/manimo.azdigi.shop\/wp-content\/uploads\/2026\/04\/sac-du-phong-tekin-tp501-1m4g3-u3khss.jpg","datePublished":"2026-04-11T12:16:53+00:00","dateModified":"2026-04-11T18:53:39+00:00","description":"Pin d\u1ef1 ph\u00f2ng Oppo Tekin 5200mAh","breadcrumb":{"@id":"https:\/\/manimo.azdigi.shop\/?product=pin-du-phong-oppo-tekin#breadcrumb"},"inLanguage":"vi","potentialAction":[{"@type":"ReadAction","target":["https:\/\/manimo.azdigi.shop\/?product=pin-du-phong-oppo-tekin"]}]},{"@type":"ImageObject","inLanguage":"vi","@id":"https:\/\/manimo.azdigi.shop\/?product=pin-du-phong-oppo-tekin#primaryimage","url":"https:\/\/manimo.azdigi.shop\/wp-content\/uploads\/2026\/04\/sac-du-phong-tekin-tp501-1m4g3-u3khss.jpg","contentUrl":"https:\/\/manimo.azdigi.shop\/wp-content\/uploads\/2026\/04\/sac-du-phong-tekin-tp501-1m4g3-u3khss.jpg","width":500,"height":500},{"@type":"BreadcrumbList","@id":"https:\/\/manimo.azdigi.shop\/?product=pin-du-phong-oppo-tekin#breadcrumb","itemListElement":[{"@type":"ListItem","position":1,"name":"Trang ch\u1ee7","item":"https:\/\/manimo.azdigi.shop\/"},{"@type":"ListItem","position":2,"name":"C\u1eeda h\u00e0ng","item":"https:\/\/manimo.azdigi.shop\/?page_id=135"},{"@type":"ListItem","position":3,"name":"Oppo Tekin"}]},{"@type":"WebSite","@id":"https:\/\/manimo.azdigi.shop\/#website","url":"https:\/\/manimo.azdigi.shop\/","name":"manimo","description":"","publisher":{"@id":"https:\/\/manimo.azdigi.shop\/#\/schema\/person\/f5af9933f35e1ed562543e32f9cc9e5a"},"potentialAction":[{"@type":"SearchAction","target":{"@type":"EntryPoint","urlTemplate":"https:\/\/manimo.azdigi.shop\/?s={search_term_string}"},"query-input":{"@type":"PropertyValueSpecification","valueRequired":true,"valueName":"search_term_string"}}],"inLanguage":"vi"},{"@type":["Person","Organization"],"@id":"https:\/\/manimo.azdigi.shop\/#\/schema\/person\/f5af9933f35e1ed562543e32f9cc9e5a","name":"minhthu","image":{"@type":"ImageObject","inLanguage":"vi","@id":"https:\/\/manimo.azdigi.shop\/wp-content\/uploads\/2026\/01\/z7488041999297_b562961af81f23ff12cf67de04bbd075.jpg","url":"https:\/\/manimo.azdigi.shop\/wp-content\/uploads\/2026\/01\/z7488041999297_b562961af81f23ff12cf67de04bbd075.jpg","contentUrl":"https:\/\/manimo.azdigi.shop\/wp-content\/uploads\/2026\/01\/z7488041999297_b562961af81f23ff12cf67de04bbd075.jpg","width":269,"height":218,"caption":"minhthu"},"logo":{"@id":"https:\/\/manimo.azdigi.shop\/wp-content\/uploads\/2026\/01\/z7488041999297_b562961af81f23ff12cf67de04bbd075.jpg"},"sameAs":["https:\/\/manimo.azdigi.shop"]}]}},"_links":{"self":[{"href":"https:\/\/manimo.azdigi.shop\/index.php?rest_route=\/wp\/v2\/product\/739","targetHints":{"allow":["GET"]}}],"collection":[{"href":"https:\/\/manimo.azdigi.shop\/index.php?rest_route=\/wp\/v2\/product"}],"about":[{"href":"https:\/\/manimo.azdigi.shop\/index.php?rest_route=\/wp\/v2\/types\/product"}],"replies":[{"embeddable":true,"href":"https:\/\/manimo.azdigi.shop\/index.php?rest_route=%2Fwp%2Fv2%2Fcomments&post=739"}],"wp:featuredmedia":[{"embeddable":true,"href":"https:\/\/manimo.azdigi.shop\/index.php?rest_route=\/wp\/v2\/media\/742"}],"wp:attachment":[{"href":"https:\/\/manimo.azdigi.shop\/index.php?rest_route=%2Fwp%2Fv2%2Fmedia&parent=739"}],"wp:term":[{"taxonomy":"product_brand","embeddable":true,"href":"https:\/\/manimo.azdigi.shop\/index.php?rest_route=%2Fwp%2Fv2%2Fproduct_brand&post=739"},{"taxonomy":"product_cat","embeddable":true,"href":"https:\/\/manimo.azdigi.shop\/index.php?rest_route=%2Fwp%2Fv2%2Fproduct_cat&post=739"},{"taxonomy":"product_tag","embeddable":true,"href":"https:\/\/manimo.azdigi.shop\/index.php?rest_route=%2Fwp%2Fv2%2Fproduct_tag&post=739"}],"curies":[{"name":"wp","href":"https:\/\/api.w.org\/{rel}","templated":true}]}}